{"id":2010,"date":"2025-01-23T14:51:44","date_gmt":"2025-01-23T14:51:44","guid":{"rendered":"https:\/\/cabinastrotta.com.ar\/web\/?post_type=product&#038;p=2010"},"modified":"2026-04-07T17:38:42","modified_gmt":"2026-04-07T17:38:42","slug":"filtros-multibolsas-con-marco-galvanizado","status":"publish","type":"product","link":"https:\/\/cabinastrotta.com.ar\/web\/producto\/filtros-multibolsas-con-marco-galvanizado\/","title":{"rendered":"Filtros multibolsas con marco galvanizado"},"content":{"rendered":"","protected":false},"excerpt":{"rendered":"<p>Multibolsa con manto filtrante de polipropileno.<\/p>\n<p>Los Filtros de Bolsas se utilizan en instalaciones de ventilaci\u00f3n de aire acondicionado.<\/p>\n<p>El aire se introduce con m\u00ednima resistencia en cada bolsa, la forma y superficie de filtraci\u00f3n permiten una elevada capacidad de retenci\u00f3n de polvo, depositando las part\u00edculas uniformemente sobre toda la longitud, con baja ca\u00edda de presi\u00f3n<\/p>\n","protected":false},"featured_media":1510,"comment_status":"open","ping_status":"closed","template":"","meta":[],"product_brand":[],"product_cat":[94,88],"product_tag":[102,101,126,125],"class_list":{"0":"post-2010","1":"product","2":"type-product","3":"status-publish","4":"has-post-thumbnail","6":"product_cat-filtros-de-multibolsas-con-marco-galvanizado","7":"product_cat-insumos","8":"product_tag-filtros","9":"product_tag-insumos","10":"product_tag-marco-galvanizado","11":"product_tag-multibolsas","13":"first","14":"instock","15":"taxable","16":"shipping-taxable","17":"product-type-simple"},"jetpack_sharing_enabled":true,"_links":{"self":[{"href":"https:\/\/cabinastrotta.com.ar\/web\/wp-json\/wp\/v2\/product\/2010","targetHints":{"allow":["GET"]}}],"collection":[{"href":"https:\/\/cabinastrotta.com.ar\/web\/wp-json\/wp\/v2\/product"}],"about":[{"href":"https:\/\/cabinastrotta.com.ar\/web\/wp-json\/wp\/v2\/types\/product"}],"replies":[{"embeddable":true,"href":"https:\/\/cabinastrotta.com.ar\/web\/wp-json\/wp\/v2\/comments?post=2010"}],"wp:featuredmedia":[{"embeddable":true,"href":"https:\/\/cabinastrotta.com.ar\/web\/wp-json\/wp\/v2\/media\/1510"}],"wp:attachment":[{"href":"https:\/\/cabinastrotta.com.ar\/web\/wp-json\/wp\/v2\/media?parent=2010"}],"wp:term":[{"taxonomy":"product_brand","embeddable":true,"href":"https:\/\/cabinastrotta.com.ar\/web\/wp-json\/wp\/v2\/product_brand?post=2010"},{"taxonomy":"product_cat","embeddable":true,"href":"https:\/\/cabinastrotta.com.ar\/web\/wp-json\/wp\/v2\/product_cat?post=2010"},{"taxonomy":"product_tag","embeddable":true,"href":"https:\/\/cabinastrotta.com.ar\/web\/wp-json\/wp\/v2\/product_tag?post=2010"}],"curies":[{"name":"wp","href":"https:\/\/api.w.org\/{rel}","templated":true}]}}