{"id":213,"date":"2022-08-04T17:37:41","date_gmt":"2022-08-04T17:37:41","guid":{"rendered":"https:\/\/cabinastrotta.com.ar\/web\/?page_id=213"},"modified":"2025-01-24T14:21:04","modified_gmt":"2025-01-24T14:21:04","slug":"insumos","status":"publish","type":"page","link":"https:\/\/cabinastrotta.com.ar\/web\/insumos\/","title":{"rendered":"Insumos"},"content":{"rendered":"\t\t<div data-elementor-type=\"wp-page\" data-elementor-id=\"213\" class=\"elementor elementor-213\">\n\t\t\t\t\t\t<section class=\"elementor-section elementor-top-section elementor-element elementor-element-491bcbb elementor-section-boxed elementor-section-height-default elementor-section-height-default\" data-id=\"491bcbb\" data-element_type=\"section\" data-e-type=\"section\" data-settings=\"{&quot;background_background&quot;:&quot;classic&quot;,&quot;shape_divider_bottom&quot;:&quot;pyramids&quot;}\">\n\t\t\t\t\t\t\t<div class=\"elementor-background-overlay\"><\/div>\n\t\t\t\t\t\t<div class=\"elementor-shape elementor-shape-bottom\" aria-hidden=\"true\" data-negative=\"false\">\n\t\t\t<svg xmlns=\"http:\/\/www.w3.org\/2000\/svg\" viewBox=\"0 0 1000 100\" preserveAspectRatio=\"none\">\n\t<path class=\"elementor-shape-fill\" d=\"M761.9,44.1L643.1,27.2L333.8,98L0,3.8V0l1000,0v3.9\"\/>\n<\/svg>\t\t<\/div>\n\t\t\t\t\t<div class=\"elementor-container elementor-column-gap-default\">\n\t\t\t\t\t<div class=\"elementor-column elementor-col-33 elementor-top-column elementor-element elementor-element-f4735f0\" data-id=\"f4735f0\" data-element_type=\"column\" data-e-type=\"column\">\n\t\t\t<div class=\"elementor-widget-wrap\">\n\t\t\t\t\t\t\t<\/div>\n\t\t<\/div>\n\t\t\t\t<div class=\"elementor-column elementor-col-33 elementor-top-column elementor-element elementor-element-599ccbc\" data-id=\"599ccbc\" data-element_type=\"column\" data-e-type=\"column\">\n\t\t\t<div class=\"elementor-widget-wrap elementor-element-populated\">\n\t\t\t\t\t\t<div class=\"elementor-element elementor-element-71012fb elementor-widget elementor-widget-elementskit-heading\" data-id=\"71012fb\" data-element_type=\"widget\" data-e-type=\"widget\" data-widget_type=\"elementskit-heading.default\">\n\t\t\t\t<div class=\"elementor-widget-container\">\n\t\t\t\t\t<div class=\"ekit-wid-con\" ><div class=\"ekit-heading elementskit-section-title-wraper text_center   ekit_heading_tablet-   ekit_heading_mobile-\"><h2 class=\"ekit-heading--title elementskit-section-title \">INSUMOS<\/h2><\/div><\/div>\t\t\t\t<\/div>\n\t\t\t\t<\/div>\n\t\t\t\t\t<\/div>\n\t\t<\/div>\n\t\t\t\t<div class=\"elementor-column elementor-col-33 elementor-top-column elementor-element elementor-element-a012311\" data-id=\"a012311\" data-element_type=\"column\" data-e-type=\"column\">\n\t\t\t<div class=\"elementor-widget-wrap\">\n\t\t\t\t\t\t\t<\/div>\n\t\t<\/div>\n\t\t\t\t\t<\/div>\n\t\t<\/section>\n\t\t\t\t<section class=\"elementor-section elementor-top-section elementor-element elementor-element-a35d9db elementor-section-boxed elementor-section-height-default elementor-section-height-default\" data-id=\"a35d9db\" data-element_type=\"section\" data-e-type=\"section\">\n\t\t\t\t\t\t<div class=\"elementor-container elementor-column-gap-default\">\n\t\t\t\t\t<div class=\"elementor-column elementor-col-100 elementor-top-column elementor-element elementor-element-fec4f2a\" data-id=\"fec4f2a\" data-element_type=\"column\" data-e-type=\"column\">\n\t\t\t<div class=\"elementor-widget-wrap elementor-element-populated\">\n\t\t\t\t\t\t<div class=\"elementor-element elementor-element-4e2b80f elementor-widget elementor-widget-shortcode\" data-id=\"4e2b80f\" data-element_type=\"widget\" data-e-type=\"widget\" data-widget_type=\"shortcode.default\">\n\t\t\t\t<div class=\"elementor-widget-container\">\n\t\t\t\t\t\t\t<div class=\"elementor-shortcode\"><div class=\"woocommerce columns-3 product-equal-height\"><ul class=\"products columns-3\">\n<li class=\"product type-product post-2013 status-publish first instock product_cat-bolsas-y-mangas-filtrantes product_cat-insumos product_tag-bolsas product_tag-insumos product_tag-mangas product_tag-mangas-filtrantes has-post-thumbnail taxable shipping-taxable product-type-simple\">\n\t<a href=\"https:\/\/cabinastrotta.com.ar\/web\/producto\/bolsas-y-mangas-filtrantes\/\" class=\"woocommerce-LoopProduct-link woocommerce-loop-product__link\"><img fetchpriority=\"high\" decoding=\"async\" width=\"420\" height=\"346\" src=\"https:\/\/cabinastrotta.com.ar\/web\/wp-content\/uploads\/2022\/09\/Bolsas-y-Mangas-Filtrantes.png\" class=\"attachment-woocommerce_thumbnail size-woocommerce_thumbnail\" alt=\"Bolsas y mangas filtrantes\" srcset=\"https:\/\/cabinastrotta.com.ar\/web\/wp-content\/uploads\/2022\/09\/Bolsas-y-Mangas-Filtrantes.png 450w, https:\/\/cabinastrotta.com.ar\/web\/wp-content\/uploads\/2022\/09\/Bolsas-y-Mangas-Filtrantes-300x247.png 300w\" sizes=\"(max-width: 420px) 100vw, 420px\" \/><h2 class=\"woocommerce-loop-product__title\">Bolsas y mangas filtrantes<\/h2>\n<\/a><a title=\"Lee m\u00e1s sobre &ldquo;Bolsas y mangas filtrantes&rdquo;\" href=\"https:\/\/cabinastrotta.com.ar\/web\/producto\/bolsas-y-mangas-filtrantes\/\" aria-describedby=\"woocommerce_loop_add_to_cart_link_describedby_2013\" data-quantity=\"1\" class=\"button product_type_simple\" data-product_id=\"2013\" data-product_sku=\"\" aria-label=\"Lee m\u00e1s sobre &ldquo;Bolsas y mangas filtrantes&rdquo;\" rel=\"nofollow\" data-success_message=\"\">Leer m\u00e1s<\/a>\t<span id=\"woocommerce_loop_add_to_cart_link_describedby_2013\" class=\"screen-reader-text\">\n\t\t\t<\/span>\n<\/li>\n<li class=\"product type-product post-2008 status-publish instock product_cat-filtro-de-piso-filtro-de-fibra-de-vidrio product_cat-insumos product_tag-fibrar product_tag-filtro-de-fibra product_tag-filtro-de-fibra-de-vidrio product_tag-filtro-de-piso product_tag-filtros product_tag-insumos product_tag-pisos product_tag-vidrio has-post-thumbnail taxable shipping-taxable product-type-simple has-gallery-images\">\n\t<a href=\"https:\/\/cabinastrotta.com.ar\/web\/producto\/filtro-de-piso-filtro-de-fibra-de-vidrio\/\" class=\"woocommerce-LoopProduct-link woocommerce-loop-product__link\"><img decoding=\"async\" width=\"420\" height=\"420\" src=\"https:\/\/cabinastrotta.com.ar\/web\/wp-content\/uploads\/2022\/08\/filtro-fibra-de-vidrio-420x420.png\" class=\"attachment-woocommerce_thumbnail size-woocommerce_thumbnail\" alt=\"Filtro de piso - Filtro de fibra de vidrio\" srcset=\"https:\/\/cabinastrotta.com.ar\/web\/wp-content\/uploads\/2022\/08\/filtro-fibra-de-vidrio-420x420.png 420w, https:\/\/cabinastrotta.com.ar\/web\/wp-content\/uploads\/2022\/08\/filtro-fibra-de-vidrio-100x100.png 100w, https:\/\/cabinastrotta.com.ar\/web\/wp-content\/uploads\/2022\/08\/filtro-fibra-de-vidrio-300x300.png 300w, https:\/\/cabinastrotta.com.ar\/web\/wp-content\/uploads\/2022\/08\/filtro-fibra-de-vidrio-150x150.png 150w, https:\/\/cabinastrotta.com.ar\/web\/wp-content\/uploads\/2022\/08\/filtro-fibra-de-vidrio.png 600w\" sizes=\"(max-width: 420px) 100vw, 420px\" \/><h2 class=\"woocommerce-loop-product__title\">Filtro de piso &#8211; Filtro de fibra de vidrio<\/h2>\n<\/a><a title=\"Lee m\u00e1s sobre &ldquo;Filtro de piso - Filtro de fibra de vidrio&rdquo;\" href=\"https:\/\/cabinastrotta.com.ar\/web\/producto\/filtro-de-piso-filtro-de-fibra-de-vidrio\/\" aria-describedby=\"woocommerce_loop_add_to_cart_link_describedby_2008\" data-quantity=\"1\" class=\"button product_type_simple\" data-product_id=\"2008\" data-product_sku=\"\" aria-label=\"Lee m\u00e1s sobre &ldquo;Filtro de piso - Filtro de fibra de vidrio&rdquo;\" rel=\"nofollow\" data-success_message=\"\">Leer m\u00e1s<\/a>\t<span id=\"woocommerce_loop_add_to_cart_link_describedby_2008\" class=\"screen-reader-text\">\n\t\t\t<\/span>\n<\/li>\n<li class=\"product type-product post-2007 status-publish last instock product_cat-filtro-de-tehcho product_cat-insumos product_tag-filtro-de-techo product_tag-filtros product_tag-g10 product_tag-insumos product_tag-manta-filtrante product_tag-pa560 product_tag-pa560-g10 product_tag-techo has-post-thumbnail taxable shipping-taxable product-type-simple\">\n\t<a href=\"https:\/\/cabinastrotta.com.ar\/web\/producto\/filtro-de-techo\/\" class=\"woocommerce-LoopProduct-link woocommerce-loop-product__link\"><img decoding=\"async\" width=\"400\" height=\"300\" src=\"https:\/\/cabinastrotta.com.ar\/web\/wp-content\/uploads\/2022\/09\/Filtro-de-Techo.png\" class=\"attachment-woocommerce_thumbnail size-woocommerce_thumbnail\" alt=\"Filtro de techo\" srcset=\"https:\/\/cabinastrotta.com.ar\/web\/wp-content\/uploads\/2022\/09\/Filtro-de-Techo.png 400w, https:\/\/cabinastrotta.com.ar\/web\/wp-content\/uploads\/2022\/09\/Filtro-de-Techo-300x225.png 300w\" sizes=\"(max-width: 400px) 100vw, 400px\" \/><h2 class=\"woocommerce-loop-product__title\">Filtro de techo<\/h2>\n<\/a><a title=\"Lee m\u00e1s sobre &ldquo;Filtro de techo&rdquo;\" href=\"https:\/\/cabinastrotta.com.ar\/web\/producto\/filtro-de-techo\/\" aria-describedby=\"woocommerce_loop_add_to_cart_link_describedby_2007\" data-quantity=\"1\" class=\"button product_type_simple\" data-product_id=\"2007\" data-product_sku=\"\" aria-label=\"Lee m\u00e1s sobre &ldquo;Filtro de techo&rdquo;\" rel=\"nofollow\" data-success_message=\"\">Leer m\u00e1s<\/a>\t<span id=\"woocommerce_loop_add_to_cart_link_describedby_2007\" class=\"screen-reader-text\">\n\t\t\t<\/span>\n<\/li>\n<li class=\"product type-product post-2005 status-publish first instock product_cat-filtros-labertinticos-de-carton product_cat-insumos product_tag-carton product_tag-filtros product_tag-filtros-de-carton product_tag-filtros-laberinticos product_tag-filtros-laberinticos-de-carton product_tag-insumos has-post-thumbnail taxable shipping-taxable product-type-simple has-gallery-images\">\n\t<a href=\"https:\/\/cabinastrotta.com.ar\/web\/producto\/filtros-laberinticos-de-carton\/\" class=\"woocommerce-LoopProduct-link woocommerce-loop-product__link\"><img loading=\"lazy\" decoding=\"async\" width=\"420\" height=\"377\" src=\"https:\/\/cabinastrotta.com.ar\/web\/wp-content\/uploads\/2022\/09\/filtroslaberinticosdecarton05-420x377.jpg\" class=\"attachment-woocommerce_thumbnail size-woocommerce_thumbnail\" alt=\"Filtros laber\u00ednticos de cart\u00f3n\" \/><h2 class=\"woocommerce-loop-product__title\">Filtros laber\u00ednticos de cart\u00f3n<\/h2>\n<\/a><a title=\"Lee m\u00e1s sobre &ldquo;Filtros laber\u00ednticos de cart\u00f3n&rdquo;\" href=\"https:\/\/cabinastrotta.com.ar\/web\/producto\/filtros-laberinticos-de-carton\/\" aria-describedby=\"woocommerce_loop_add_to_cart_link_describedby_2005\" data-quantity=\"1\" class=\"button product_type_simple\" data-product_id=\"2005\" data-product_sku=\"\" aria-label=\"Lee m\u00e1s sobre &ldquo;Filtros laber\u00ednticos de cart\u00f3n&rdquo;\" rel=\"nofollow\" data-success_message=\"\">Leer m\u00e1s<\/a>\t<span id=\"woocommerce_loop_add_to_cart_link_describedby_2005\" class=\"screen-reader-text\">\n\t\t\t<\/span>\n<\/li>\n<li class=\"product type-product post-2010 status-publish instock product_cat-filtros-de-multibolsas-con-marco-galvanizado product_cat-insumos product_tag-filtros product_tag-insumos product_tag-marco-galvanizado product_tag-multibolsas has-post-thumbnail taxable shipping-taxable product-type-simple\">\n\t<a href=\"https:\/\/cabinastrotta.com.ar\/web\/producto\/filtros-multibolsas-con-marco-galvanizado\/\" class=\"woocommerce-LoopProduct-link woocommerce-loop-product__link\"><img loading=\"lazy\" decoding=\"async\" width=\"400\" height=\"393\" src=\"https:\/\/cabinastrotta.com.ar\/web\/wp-content\/uploads\/2022\/09\/filtrosmultibolsas.png\" class=\"attachment-woocommerce_thumbnail size-woocommerce_thumbnail\" alt=\"Filtros multibolsas con marco galvanizado\" srcset=\"https:\/\/cabinastrotta.com.ar\/web\/wp-content\/uploads\/2022\/09\/filtrosmultibolsas.png 400w, https:\/\/cabinastrotta.com.ar\/web\/wp-content\/uploads\/2022\/09\/filtrosmultibolsas-300x295.png 300w\" sizes=\"(max-width: 400px) 100vw, 400px\" \/><h2 class=\"woocommerce-loop-product__title\">Filtros multibolsas con marco galvanizado<\/h2>\n<\/a><a title=\"Lee m\u00e1s sobre &ldquo;Filtros multibolsas con marco galvanizado&rdquo;\" href=\"https:\/\/cabinastrotta.com.ar\/web\/producto\/filtros-multibolsas-con-marco-galvanizado\/\" aria-describedby=\"woocommerce_loop_add_to_cart_link_describedby_2010\" data-quantity=\"1\" class=\"button product_type_simple\" data-product_id=\"2010\" data-product_sku=\"\" aria-label=\"Lee m\u00e1s sobre &ldquo;Filtros multibolsas con marco galvanizado&rdquo;\" rel=\"nofollow\" data-success_message=\"\">Leer m\u00e1s<\/a>\t<span id=\"woocommerce_loop_add_to_cart_link_describedby_2010\" class=\"screen-reader-text\">\n\t\t\t<\/span>\n<\/li>\n<li class=\"product type-product post-2011 status-publish last instock product_cat-insumos product_cat-mangas-para-colectoras-de-polvo product_tag-colectoras-de-pilvo product_tag-insumos product_tag-manga-colectora-de-polvo product_tag-mangas has-post-thumbnail taxable shipping-taxable product-type-simple\">\n\t<a href=\"https:\/\/cabinastrotta.com.ar\/web\/producto\/mangas-para-colectoras-de-polvo\/\" class=\"woocommerce-LoopProduct-link woocommerce-loop-product__link\"><img loading=\"lazy\" decoding=\"async\" width=\"420\" height=\"346\" src=\"https:\/\/cabinastrotta.com.ar\/web\/wp-content\/uploads\/2022\/09\/Bolsas-y-Mangas-Filtrantes.png\" class=\"attachment-woocommerce_thumbnail size-woocommerce_thumbnail\" alt=\"Mangas para colectoras de polvo\" srcset=\"https:\/\/cabinastrotta.com.ar\/web\/wp-content\/uploads\/2022\/09\/Bolsas-y-Mangas-Filtrantes.png 450w, https:\/\/cabinastrotta.com.ar\/web\/wp-content\/uploads\/2022\/09\/Bolsas-y-Mangas-Filtrantes-300x247.png 300w\" sizes=\"(max-width: 420px) 100vw, 420px\" \/><h2 class=\"woocommerce-loop-product__title\">Mangas para colectoras de polvo<\/h2>\n<\/a><a title=\"Lee m\u00e1s sobre &ldquo;Mangas para colectoras de polvo&rdquo;\" href=\"https:\/\/cabinastrotta.com.ar\/web\/producto\/mangas-para-colectoras-de-polvo\/\" aria-describedby=\"woocommerce_loop_add_to_cart_link_describedby_2011\" data-quantity=\"1\" class=\"button product_type_simple\" data-product_id=\"2011\" data-product_sku=\"\" aria-label=\"Lee m\u00e1s sobre &ldquo;Mangas para colectoras de polvo&rdquo;\" rel=\"nofollow\" data-success_message=\"\">Leer m\u00e1s<\/a>\t<span id=\"woocommerce_loop_add_to_cart_link_describedby_2011\" class=\"screen-reader-text\">\n\t\t\t<\/span>\n<\/li>\n<li class=\"product type-product post-2012 status-publish first instock product_cat-insumos product_cat-mangas-para-filtros product_tag-filtros product_tag-insumos product_tag-mangas product_tag-mangas-para-filtros has-post-thumbnail taxable shipping-taxable product-type-simple\">\n\t<a href=\"https:\/\/cabinastrotta.com.ar\/web\/producto\/mangas-para-filtros\/\" class=\"woocommerce-LoopProduct-link woocommerce-loop-product__link\"><img loading=\"lazy\" decoding=\"async\" width=\"420\" height=\"271\" src=\"https:\/\/cabinastrotta.com.ar\/web\/wp-content\/uploads\/2022\/09\/Mangas-para-Filtros\u200b-420x271.png\" class=\"attachment-woocommerce_thumbnail size-woocommerce_thumbnail\" alt=\"Mangas para Filtros\" \/><h2 class=\"woocommerce-loop-product__title\">Mangas para Filtros<\/h2>\n<\/a><a title=\"Lee m\u00e1s sobre &ldquo;Mangas para Filtros&rdquo;\" href=\"https:\/\/cabinastrotta.com.ar\/web\/producto\/mangas-para-filtros\/\" aria-describedby=\"woocommerce_loop_add_to_cart_link_describedby_2012\" data-quantity=\"1\" class=\"button product_type_simple\" data-product_id=\"2012\" data-product_sku=\"\" aria-label=\"Lee m\u00e1s sobre &ldquo;Mangas para Filtros&rdquo;\" rel=\"nofollow\" data-success_message=\"\">Leer m\u00e1s<\/a>\t<span id=\"woocommerce_loop_add_to_cart_link_describedby_2012\" class=\"screen-reader-text\">\n\t\t\t<\/span>\n<\/li>\n<li class=\"product type-product post-2009 status-publish instock product_cat-insumos product_cat-panel-filtrante product_tag-insumos product_tag-panel product_tag-panel-filtrante product_tag-paneles has-post-thumbnail taxable shipping-taxable product-type-simple has-gallery-images\">\n\t<a href=\"https:\/\/cabinastrotta.com.ar\/web\/producto\/panel-filtrante-c-superficie-elevada\/\" class=\"woocommerce-LoopProduct-link woocommerce-loop-product__link\"><img loading=\"lazy\" decoding=\"async\" width=\"300\" height=\"270\" src=\"https:\/\/cabinastrotta.com.ar\/web\/wp-content\/uploads\/2022\/09\/11-300x270.png\" class=\"attachment-woocommerce_thumbnail size-woocommerce_thumbnail\" alt=\"Panel Filtrante\" \/><h2 class=\"woocommerce-loop-product__title\">Panel Filtrante<\/h2>\n<\/a><a title=\"Lee m\u00e1s sobre &ldquo;Panel Filtrante&rdquo;\" href=\"https:\/\/cabinastrotta.com.ar\/web\/producto\/panel-filtrante-c-superficie-elevada\/\" aria-describedby=\"woocommerce_loop_add_to_cart_link_describedby_2009\" data-quantity=\"1\" class=\"button product_type_simple\" data-product_id=\"2009\" data-product_sku=\"\" aria-label=\"Lee m\u00e1s sobre &ldquo;Panel Filtrante&rdquo;\" rel=\"nofollow\" data-success_message=\"\">Leer m\u00e1s<\/a>\t<span id=\"woocommerce_loop_add_to_cart_link_describedby_2009\" class=\"screen-reader-text\">\n\t\t\t<\/span>\n<\/li>\n<li class=\"product type-product post-2006 status-publish last instock product_cat-insumos product_cat-pre-filtro-manta-filtrante-g3 product_tag-filtros product_tag-manta product_tag-manta-filtrante product_tag-manta-filtrante-g3 product_tag-pre-filtro has-post-thumbnail taxable shipping-taxable product-type-simple has-gallery-images\">\n\t<a href=\"https:\/\/cabinastrotta.com.ar\/web\/producto\/pre-filtro-manta-filtrante-g3\/\" class=\"woocommerce-LoopProduct-link woocommerce-loop-product__link\"><img loading=\"lazy\" decoding=\"async\" width=\"401\" height=\"349\" src=\"https:\/\/cabinastrotta.com.ar\/web\/wp-content\/uploads\/2022\/09\/mantafiltranteg3-2.png\" class=\"attachment-woocommerce_thumbnail size-woocommerce_thumbnail\" alt=\"Pre Filtro - Manta Filtrante G3\" srcset=\"https:\/\/cabinastrotta.com.ar\/web\/wp-content\/uploads\/2022\/09\/mantafiltranteg3-2.png 401w, https:\/\/cabinastrotta.com.ar\/web\/wp-content\/uploads\/2022\/09\/mantafiltranteg3-2-300x261.png 300w\" sizes=\"(max-width: 401px) 100vw, 401px\" \/><h2 class=\"woocommerce-loop-product__title\">Pre Filtro &#8211; Manta Filtrante G3<\/h2>\n<\/a><a title=\"Lee m\u00e1s sobre &ldquo;Pre Filtro - Manta Filtrante G3&rdquo;\" href=\"https:\/\/cabinastrotta.com.ar\/web\/producto\/pre-filtro-manta-filtrante-g3\/\" aria-describedby=\"woocommerce_loop_add_to_cart_link_describedby_2006\" data-quantity=\"1\" class=\"button product_type_simple\" data-product_id=\"2006\" data-product_sku=\"\" aria-label=\"Lee m\u00e1s sobre &ldquo;Pre Filtro - Manta Filtrante G3&rdquo;\" rel=\"nofollow\" data-success_message=\"\">Leer m\u00e1s<\/a>\t<span id=\"woocommerce_loop_add_to_cart_link_describedby_2006\" class=\"screen-reader-text\">\n\t\t\t<\/span>\n<\/li>\n<\/ul>\n<\/div><\/div>\n\t\t\t\t\t\t<\/div>\n\t\t\t\t<\/div>\n\t\t\t\t\t<\/div>\n\t\t<\/div>\n\t\t\t\t\t<\/div>\n\t\t<\/section>\n\t\t\t\t<section class=\"elementor-section elementor-top-section elementor-element elementor-element-3b677a3e elementor-section-boxed elementor-section-height-default elementor-section-height-default\" data-id=\"3b677a3e\" data-element_type=\"section\" data-e-type=\"section\" data-settings=\"{&quot;background_background&quot;:&quot;classic&quot;}\">\n\t\t\t\t\t\t\t<div class=\"elementor-background-overlay\"><\/div>\n\t\t\t\t\t\t\t<div class=\"elementor-container elementor-column-gap-default\">\n\t\t\t\t\t<div class=\"elementor-column elementor-col-50 elementor-top-column elementor-element elementor-element-78f78d71\" data-id=\"78f78d71\" data-element_type=\"column\" data-e-type=\"column\">\n\t\t\t<div class=\"elementor-widget-wrap elementor-element-populated\">\n\t\t\t\t\t\t<div class=\"elementor-element elementor-element-142bc48c elementor-widget elementor-widget-heading\" data-id=\"142bc48c\" data-element_type=\"widget\" data-e-type=\"widget\" data-widget_type=\"heading.default\">\n\t\t\t\t<div class=\"elementor-widget-container\">\n\t\t\t\t\t<h1 class=\"elementor-heading-title elementor-size-default\">Solicit\u00e1 tu presupuesto\n<\/h1>\t\t\t\t<\/div>\n\t\t\t\t<\/div>\n\t\t\t\t<div class=\"elementor-element elementor-element-7c52f052 elementor-widget elementor-widget-text-editor\" data-id=\"7c52f052\" data-element_type=\"widget\" data-e-type=\"widget\" data-widget_type=\"text-editor.default\">\n\t\t\t\t<div class=\"elementor-widget-container\">\n\t\t\t\t\t\t\t\t\t<p>Si deseas conocer el precio de alguno de nuestros productos, por favor complet\u00e1 el formulario y te contestaremos a la mayor brevedad.<\/p>\t\t\t\t\t\t\t\t<\/div>\n\t\t\t\t<\/div>\n\t\t\t\t\t<\/div>\n\t\t<\/div>\n\t\t\t\t<div class=\"elementor-column elementor-col-50 elementor-top-column elementor-element elementor-element-28a4c8f0\" data-id=\"28a4c8f0\" data-element_type=\"column\" data-e-type=\"column\">\n\t\t\t<div class=\"elementor-widget-wrap elementor-element-populated\">\n\t\t\t\t\t\t<div class=\"elementor-element elementor-element-3ec47331 elementor-button-success elementor-align-center elementor-widget elementor-widget-button\" data-id=\"3ec47331\" data-element_type=\"widget\" data-e-type=\"widget\" data-widget_type=\"button.default\">\n\t\t\t\t<div class=\"elementor-widget-container\">\n\t\t\t\t\t\t\t\t\t<div class=\"elementor-button-wrapper\">\n\t\t\t\t\t<a class=\"elementor-button elementor-button-link elementor-size-sm elementor-animation-bounce-in\" href=\"https:\/\/cabinastrotta.com.ar\/web\/contactos\/\">\n\t\t\t\t\t\t<span class=\"elementor-button-content-wrapper\">\n\t\t\t\t\t\t<span class=\"elementor-button-icon\">\n\t\t\t\t<i aria-hidden=\"true\" class=\"far fa-envelope\"><\/i>\t\t\t<\/span>\n\t\t\t\t\t\t\t\t\t<span class=\"elementor-button-text\">Cont\u00e1ctenos<\/span>\n\t\t\t\t\t<\/span>\n\t\t\t\t\t<\/a>\n\t\t\t\t<\/div>\n\t\t\t\t\t\t\t\t<\/div>\n\t\t\t\t<\/div>\n\t\t\t\t\t<\/div>\n\t\t<\/div>\n\t\t\t\t\t<\/div>\n\t\t<\/section>\n\t\t\t\t<section class=\"elementor-section elementor-top-section elementor-element elementor-element-6ec64b0e elementor-section-boxed elementor-section-height-default elementor-section-height-default\" data-id=\"6ec64b0e\" data-element_type=\"section\" data-e-type=\"section\" data-settings=\"{&quot;background_background&quot;:&quot;gradient&quot;}\">\n\t\t\t\t\t\t<div class=\"elementor-container elementor-column-gap-default\">\n\t\t\t\t\t<div class=\"elementor-column elementor-col-100 elementor-top-column elementor-element elementor-element-7390ef28\" data-id=\"7390ef28\" data-element_type=\"column\" data-e-type=\"column\">\n\t\t\t<div class=\"elementor-widget-wrap elementor-element-populated\">\n\t\t\t\t\t\t<div class=\"elementor-element elementor-element-26fe866c elementor-widget elementor-widget-spacer\" data-id=\"26fe866c\" data-element_type=\"widget\" data-e-type=\"widget\" data-widget_type=\"spacer.default\">\n\t\t\t\t<div class=\"elementor-widget-container\">\n\t\t\t\t\t\t\t<div class=\"elementor-spacer\">\n\t\t\t<div class=\"elementor-spacer-inner\"><\/div>\n\t\t<\/div>\n\t\t\t\t\t\t<\/div>\n\t\t\t\t<\/div>\n\t\t\t\t\t<\/div>\n\t\t<\/div>\n\t\t\t\t\t<\/div>\n\t\t<\/section>\n\t\t\t\t<\/div>\n\t\t","protected":false},"excerpt":{"rendered":"<p>INSUMOS Solicit\u00e1 tu presupuesto Si deseas conocer el precio de alguno de nuestros productos, por favor complet\u00e1 el formulario y te contestaremos a la mayor brevedad. Cont\u00e1ctenos<\/p>\n","protected":false},"author":1,"featured_media":0,"parent":0,"menu_order":0,"comment_status":"closed","ping_status":"closed","template":"","meta":{"footnotes":""},"class_list":["post-213","page","type-page","status-publish","hentry"],"jetpack_sharing_enabled":true,"_links":{"self":[{"href":"https:\/\/cabinastrotta.com.ar\/web\/wp-json\/wp\/v2\/pages\/213","targetHints":{"allow":["GET"]}}],"collection":[{"href":"https:\/\/cabinastrotta.com.ar\/web\/wp-json\/wp\/v2\/pages"}],"about":[{"href":"https:\/\/cabinastrotta.com.ar\/web\/wp-json\/wp\/v2\/types\/page"}],"author":[{"embeddable":true,"href":"https:\/\/cabinastrotta.com.ar\/web\/wp-json\/wp\/v2\/users\/1"}],"replies":[{"embeddable":true,"href":"https:\/\/cabinastrotta.com.ar\/web\/wp-json\/wp\/v2\/comments?post=213"}],"version-history":[{"count":161,"href":"https:\/\/cabinastrotta.com.ar\/web\/wp-json\/wp\/v2\/pages\/213\/revisions"}],"predecessor-version":[{"id":2143,"href":"https:\/\/cabinastrotta.com.ar\/web\/wp-json\/wp\/v2\/pages\/213\/revisions\/2143"}],"wp:attachment":[{"href":"https:\/\/cabinastrotta.com.ar\/web\/wp-json\/wp\/v2\/media?parent=213"}],"curies":[{"name":"wp","href":"https:\/\/api.w.org\/{rel}","templated":true}]}}